{"id":374,"date":"2026-01-27T20:26:17","date_gmt":"2026-01-27T20:26:17","guid":{"rendered":"https:\/\/hub-201.com\/privacy-policy\/"},"modified":"2026-02-06T04:34:37","modified_gmt":"2026-02-06T04:34:37","slug":"privacy-policy","status":"publish","type":"page","link":"https:\/\/hub-201.com\/sr-latn\/privacy-policy\/","title":{"rendered":"Politika privatnosti"},"content":{"rendered":"\r\n<h2 class=\"wp-block-heading\"><strong>Ko smo mi<\/strong><\/h2>\r\n<p>Adresa na\u0161e veb stranice je: https:\/\/hub-201.com.<\/p>\r\n<h2><strong>Komentari<\/strong><\/h2>\r\n<p>Kada posetioci ostave komentare na sajtu, prikupljamo podatke prikazane u obrascu za komentare, kao i IP adresu posetioca i niz korisni\u010dkog agenta pregleda\u010da kako bismo pomogli u otkrivanju spama.<\/p>\r\n<p>Anonimizovani niz kreiran iz va\u0161e imejl adrese (tako\u0111e nazvan he\u0161) mo\u017ee biti dostavljen usluzi Gravatar da bi se videlo da li je koristite. Politika privatnosti usluge Gravatar dostupna je ovde: https:\/\/automattic.com\/privacy\/. Nakon odobrenja va\u0161eg komentara, va\u0161a slika profila je vidljiva javnosti u kontekstu va\u0161eg komentara.<\/p>\r\n<h2><strong>Mediji<\/strong><\/h2>\r\n<p>Ako otpremate slike na veb stranicu, trebalo bi da izbegavate otpremanje slika sa ugra\u0111enim podacima o lokaciji (EXIF GPS). Posetioci veb stranice mogu da preuzmu i izdvoje bilo koje podatke o lokaciji sa slika na veb stranici.<\/p>\r\n<h2><strong>Kola\u010dic\u0301i<\/strong><\/h2>\r\n<p>Ako ostavite komentar na na\u0161oj stranici, mo\u017eete se prijaviti za \u010duvanje va\u0161eg imena, imejl adrese i veb stranice u kola\u010dic\u0301ima. Oni su za va\u0161u udobnost kako ne biste morali ponovo da popunjavate svoje podatke kada ostavite drugi komentar. Ovi kola\u010dic\u0301i c\u0301e trajati godinu dana.<\/p>\r\n<p>Ako posetite na\u0161u stranicu za prijavu, postavic\u0301emo privremeni kola\u010dic\u0301 kako bismo utvrdili da li va\u0161 pregleda\u010d prihvata kola\u010dic\u0301e. Ovaj kola\u010dic\u0301 ne sadr\u017ei li\u010dne podatke i odbacuje se kada zatvorite pregleda\u010d.<\/p>\r\n<p>Kada se prijavite, tako\u0111e c\u0301emo podesiti nekoliko kola\u010dic\u0301a kako bismo sa\u010duvali va\u0161e podatke za prijavu i va\u0161e izbore prikaza ekrana. Kola\u010dic\u0301i za prijavu traju dva dana, a kola\u010dic\u0301i za opcije ekrana traju godinu dana. Ako izaberete \u201eZapamti me\u201c, va\u0161a prijava c\u0301e trajati dve nedelje. Ako se odjavite sa svog naloga, kola\u010dic\u0301i za prijavu c\u0301e biti uklonjeni.<\/p>\r\n<p>Ako uredite ili objavite \u010dlanak, dodatni kola\u010dic\u0301 c\u0301e biti sa\u010duvan u va\u0161em pregleda\u010du. Ovaj kola\u010dic\u0301 ne sadr\u017ei li\u010dne podatke i jednostavno ozna\u010dava ID objave \u010dlanka koji ste upravo izmenili. Isti\u010de nakon 1 dana.<\/p>\r\n<h2><strong>Ugra\u0111eni sadr\u017eaj sa drugih veb lokacija<\/strong><\/h2>\r\n<p>\u010clanci na ovoj stranici mogu da sadr\u017ee ugra\u0111eni sadr\u017eaj (npr. video zapise, slike, \u010dlanke itd.). Ugra\u0111eni sadr\u017eaj sa drugih veb lokacija pona\u0161a se na potpuno isti na\u010din kao da je posetilac posetio drugu veb lokaciju.<\/p>\r\n<p>Ove veb stranice mogu prikupljati podatke o vama, koristiti kola\u010dic\u0301e, ugra\u0111ivati dodatno prac\u0301enje trec\u0301ih strana i pratiti va\u0161u interakciju sa tim ugra\u0111enim sadr\u017eajem, uklju\u010dujuc\u0301i prac\u0301enje va\u0161e interakcije sa ugra\u0111enim sadr\u017eajem ako imate nalog i prijavljeni ste na tu veb stranicu.<\/p>\r\n<h2><strong>Sa kim delimo va\u0161e podatke<\/strong><\/h2>\r\n<p>Ako zatra\u017eite resetovanje lozinke, va\u0161a IP adresa c\u0301e biti uklju\u010dena u e-po\u0161tu za resetovanje.<\/p>\r\n<h2><strong>Koliko dugo \u010duvamo va\u0161e podatke<\/strong><\/h2>\r\n<p>Ako ostavite komentar, komentar i njegovi metapodaci se \u010duvaju na neodre\u0111eno vreme. To je da bismo mogli automatski da prepoznamo i odobrimo sve naknadne komentare umesto da ih dr\u017eimo u redu za moderiranje.<\/p>\r\n<p>Za korisnike koji se registruju na na\u0161oj veb stranici (ako ih ima), tako\u0111e \u010duvamo li\u010dne podatke koje navedu u njihovom korisni\u010dkom profilu. Svi korisnici mogu da vide, ure\u0111uju ili bri\u0161u svoje li\u010dne podatke u bilo kom trenutku (osim \u0161to ne mogu da promene svoje korisni\u010dko ime). Administratori veb stranice tako\u0111e mogu da vide i ure\u0111uju te podatke.<\/p>\r\n<h2><strong>Koja prava imate nad svojim podacima<\/strong><\/h2>\r\n<p>Ako imate nalog na ovoj stranici ili ste ostavili komentare, mo\u017eete da zatra\u017eite da primite izvezenu datoteku li\u010dnih podataka koje imamo o vama, uklju\u010dujuc\u0301i sve podatke koje ste nam dali. Tako\u0111e mo\u017eete zahtevati da obri\u0161emo sve va\u0161e li\u010dne podatke koje imamo. Ovo ne uklju\u010duje podatke koje smo du\u017eni da \u010duvamo u administrativne, pravne ili bezbednosne svrhe.<\/p>\r\n<h2><strong>Gde se va\u0161i podaci \u0161alju<\/strong><\/h2>\r\n<p>Komentari posetilaca mogu biti provereni putem automatizovane usluge za otkrivanje spama.<\/p>","protected":false},"excerpt":{"rendered":"<p>Ko smo mi Adresa na\u0161e veb stranice je: https:\/\/hub-201.com. Komentari Kada posetioci ostave komentare na sajtu, prikupljamo podatke prikazane u obrascu za komentare, kao i IP adresu posetioca i niz korisni\u010dkog agenta pregleda\u010da kako bismo pomogli u otkrivanju spama. Anonimizovani niz kreiran iz va\u0161e imejl adrese (tako\u0111e nazvan he\u0161) mo\u017ee biti dostavljen usluzi Gravatar da [&hellip;]<\/p>\n","protected":false},"author":1,"featured_media":0,"parent":0,"menu_order":0,"comment_status":"closed","ping_status":"open","template":"page-terms-and-conditions.php","meta":{"_acf_changed":false,"inline_featured_image":false,"footnotes":""},"class_list":["post-374","page","type-page","status-publish","hentry"],"acf":[],"_hostinger_reach_plugin_has_subscription_block":false,"_hostinger_reach_plugin_is_elementor":false,"_links":{"self":[{"href":"https:\/\/hub-201.com\/sr-latn\/wp-json\/wp\/v2\/pages\/374","targetHints":{"allow":["GET"]}}],"collection":[{"href":"https:\/\/hub-201.com\/sr-latn\/wp-json\/wp\/v2\/pages"}],"about":[{"href":"https:\/\/hub-201.com\/sr-latn\/wp-json\/wp\/v2\/types\/page"}],"author":[{"embeddable":true,"href":"https:\/\/hub-201.com\/sr-latn\/wp-json\/wp\/v2\/users\/1"}],"replies":[{"embeddable":true,"href":"https:\/\/hub-201.com\/sr-latn\/wp-json\/wp\/v2\/comments?post=374"}],"version-history":[{"count":4,"href":"https:\/\/hub-201.com\/sr-latn\/wp-json\/wp\/v2\/pages\/374\/revisions"}],"predecessor-version":[{"id":381,"href":"https:\/\/hub-201.com\/sr-latn\/wp-json\/wp\/v2\/pages\/374\/revisions\/381"}],"wp:attachment":[{"href":"https:\/\/hub-201.com\/sr-latn\/wp-json\/wp\/v2\/media?parent=374"}],"curies":[{"name":"wp","href":"https:\/\/api.w.org\/{rel}","templated":true}]}}